{"id":11338,"date":"2025-02-25T03:10:00","date_gmt":"2025-02-25T02:10:00","guid":{"rendered":"https:\/\/empaques-flexibles.paraiso-peru.com\/?page_id=11338"},"modified":"2025-02-25T03:26:21","modified_gmt":"2025-02-25T02:26:21","slug":"contacto-2","status":"publish","type":"page","link":"https:\/\/empaques-flexibles.paraiso-peru.com\/en\/contacto-2\/","title":{"rendered":"prueba-blog"},"content":{"rendered":"<div class=\"wpb-content-wrapper\"><div id=\"BANNER DUPLAS\" class=\"vc_row wpb_row vc_row-fluid borde-pie-seccion vc_custom_1715875944453 vc_row-has-fill eltdf-row-type-row\" style=\"\"><div class=\"wpb_column vc_column_container vc_col-sm-12\"><div class=\"vc_column-inner vc_custom_1713054525978\"><div class=\"wpb_wrapper\"><div class=\"wpb_images_carousel wpb_content_element vc_clearfix vc_custom_1721426856639 wpb_content_element\"><div class=\"wpb_wrapper\"><div id=\"vc_images-carousel-1-1777660640\" data-ride=\"vc_carousel\" data-wrap=\"true\" style=\"width: 100%;\" data-interval=\"6000\" data-auto-height=\"yes\" data-mode=\"horizontal\" data-partial=\"false\" data-per-view=\"1\" data-hide-on-end=\"false\" class=\"vc_slide vc_images_carousel\"><div class=\"vc_carousel-inner\"><div class=\"vc_carousel-slideline\"><div class=\"vc_carousel-slideline-inner\"><div class=\"vc_item\"><div class=\"vc_inner\"><img loading=\"lazy\" decoding=\"async\" width=\"1920\" height=\"668\" src=\"https:\/\/empaques-flexibles.paraiso-peru.com\/wp-content\/uploads\/2024\/04\/03-Miguel_Santillan-Priscilla_Mosquera.webp\" class=\"attachment-full\" alt=\"Miguel Santill\u00e1n \/ Priscilla Mosquera\" title=\"Miguel Santill\u00e1n \/ Priscilla Mosquera\" srcset=\"https:\/\/empaques-flexibles.paraiso-peru.com\/wp-content\/uploads\/2024\/04\/03-Miguel_Santillan-Priscilla_Mosquera.webp 1920w, https:\/\/empaques-flexibles.paraiso-peru.com\/wp-content\/uploads\/2024\/04\/03-Miguel_Santillan-Priscilla_Mosquera-300x104.webp 300w, https:\/\/empaques-flexibles.paraiso-peru.com\/wp-content\/uploads\/2024\/04\/03-Miguel_Santillan-Priscilla_Mosquera-1024x356.webp 1024w, https:\/\/empaques-flexibles.paraiso-peru.com\/wp-content\/uploads\/2024\/04\/03-Miguel_Santillan-Priscilla_Mosquera-768x267.webp 768w, https:\/\/empaques-flexibles.paraiso-peru.com\/wp-content\/uploads\/2024\/04\/03-Miguel_Santillan-Priscilla_Mosquera-1536x534.webp 1536w\" sizes=\"auto, (max-width: 1920px) 100vw, 1920px\" \/><\/div><\/div><div class=\"vc_item\"><div class=\"vc_inner\"><img loading=\"lazy\" decoding=\"async\" width=\"1920\" height=\"668\" src=\"https:\/\/empaques-flexibles.paraiso-peru.com\/wp-content\/uploads\/2024\/04\/05-Duilio_Cuneo-Lea_Lopez.webp\" class=\"attachment-full\" alt=\"Duilio C\u00faneo \/ Lea L\u00f3pez\" title=\"Duilio C\u00faneo \/ Lea L\u00f3pez\" srcset=\"https:\/\/empaques-flexibles.paraiso-peru.com\/wp-content\/uploads\/2024\/04\/05-Duilio_Cuneo-Lea_Lopez.webp 1920w, https:\/\/empaques-flexibles.paraiso-peru.com\/wp-content\/uploads\/2024\/04\/05-Duilio_Cuneo-Lea_Lopez-300x104.webp 300w, https:\/\/empaques-flexibles.paraiso-peru.com\/wp-content\/uploads\/2024\/04\/05-Duilio_Cuneo-Lea_Lopez-1024x356.webp 1024w, https:\/\/empaques-flexibles.paraiso-peru.com\/wp-content\/uploads\/2024\/04\/05-Duilio_Cuneo-Lea_Lopez-768x267.webp 768w, https:\/\/empaques-flexibles.paraiso-peru.com\/wp-content\/uploads\/2024\/04\/05-Duilio_Cuneo-Lea_Lopez-1536x534.webp 1536w\" sizes=\"auto, (max-width: 1920px) 100vw, 1920px\" \/><\/div><\/div><div class=\"vc_item\"><div class=\"vc_inner\"><img loading=\"lazy\" decoding=\"async\" width=\"1920\" height=\"668\" src=\"https:\/\/empaques-flexibles.paraiso-peru.com\/wp-content\/uploads\/2024\/05\/04a-Rocio_Wertheman-Juan_Manuel_Girao.webp\" class=\"attachment-full\" alt=\"\" title=\"04a-Rocio_Wertheman-Juan_Manuel_Girao\" srcset=\"https:\/\/empaques-flexibles.paraiso-peru.com\/wp-content\/uploads\/2024\/05\/04a-Rocio_Wertheman-Juan_Manuel_Girao.webp 1920w, https:\/\/empaques-flexibles.paraiso-peru.com\/wp-content\/uploads\/2024\/05\/04a-Rocio_Wertheman-Juan_Manuel_Girao-300x104.webp 300w, https:\/\/empaques-flexibles.paraiso-peru.com\/wp-content\/uploads\/2024\/05\/04a-Rocio_Wertheman-Juan_Manuel_Girao-1024x356.webp 1024w, https:\/\/empaques-flexibles.paraiso-peru.com\/wp-content\/uploads\/2024\/05\/04a-Rocio_Wertheman-Juan_Manuel_Girao-768x267.webp 768w, https:\/\/empaques-flexibles.paraiso-peru.com\/wp-content\/uploads\/2024\/05\/04a-Rocio_Wertheman-Juan_Manuel_Girao-1536x534.webp 1536w, https:\/\/empaques-flexibles.paraiso-peru.com\/wp-content\/uploads\/2024\/05\/04a-Rocio_Wertheman-Juan_Manuel_Girao-18x6.webp 18w\" sizes=\"auto, (max-width: 1920px) 100vw, 1920px\"><\/div><\/div><div class=\"vc_item\"><div class=\"vc_inner\"><img loading=\"lazy\" decoding=\"async\" width=\"1920\" height=\"668\" src=\"https:\/\/empaques-flexibles.paraiso-peru.com\/wp-content\/uploads\/2024\/05\/02-Pedro_Gil-Andres_Arteaga.webp\" class=\"attachment-full\" alt=\"Pedro Gil \/ Andr\u00e9s Arteaga\" title=\"Pedro Gil \/ Andr\u00e9s Arteaga\" srcset=\"https:\/\/empaques-flexibles.paraiso-peru.com\/wp-content\/uploads\/2024\/05\/02-Pedro_Gil-Andres_Arteaga.webp 1920w, https:\/\/empaques-flexibles.paraiso-peru.com\/wp-content\/uploads\/2024\/05\/02-Pedro_Gil-Andres_Arteaga-300x104.webp 300w, https:\/\/empaques-flexibles.paraiso-peru.com\/wp-content\/uploads\/2024\/05\/02-Pedro_Gil-Andres_Arteaga-1024x356.webp 1024w, https:\/\/empaques-flexibles.paraiso-peru.com\/wp-content\/uploads\/2024\/05\/02-Pedro_Gil-Andres_Arteaga-768x267.webp 768w, https:\/\/empaques-flexibles.paraiso-peru.com\/wp-content\/uploads\/2024\/05\/02-Pedro_Gil-Andres_Arteaga-1536x534.webp 1536w\" sizes=\"auto, (max-width: 1920px) 100vw, 1920px\" \/><\/div><\/div><\/div><\/div><\/div><a class=\"vc_left vc_carousel-control\" href=\"#vc_images-carousel-1-1777660640\" data-slide=\"prev\"><span class=\"icon-prev\"><\/span><\/a><a class=\"vc_right vc_carousel-control\" href=\"#vc_images-carousel-1-1777660640\" data-slide=\"next\"><span class=\"icon-next\"><\/span><\/a><\/div><\/div><\/div><\/div><\/div><\/div><\/div><div class=\"vc_row wpb_row vc_row-fluid eltdf-row-type-row\" style=\"\"><div class=\"wpb_column vc_column_container vc_col-sm-12\"><div class=\"vc_column-inner\"><div class=\"wpb_wrapper\">\n<div class=\"vc_grid-container-wrapper vc_clearfix vc_grid-animation-zoomIn\">\n\t<div class=\"vc_grid-container vc_clearfix wpb_content_element vc_masonry_grid\" data-initial-loading-animation=\"zoomIn\" data-vc-grid-settings=\"{&quot;page_id&quot;:11338,&quot;style&quot;:&quot;all-masonry&quot;,&quot;action&quot;:&quot;vc_get_vc_grid_data&quot;,&quot;shortcode_id&quot;:&quot;1740450357153-8713b104-f7af-4&quot;,&quot;tag&quot;:&quot;vc_masonry_grid&quot;}\" data-vc-request=\"https:\/\/empaques-flexibles.paraiso-peru.com\/wp-admin\/admin-ajax.php\" data-vc-post-id=\"11338\" data-vc-public-nonce=\"10e440ed18\">\n\t\t\n\t<\/div>\n<\/div><\/div><\/div><\/div><\/div><div id=\"SECCI\u00d3N CONTACTO \/ FORMULARIOS\" class=\"vc_row wpb_row vc_row-fluid vc_custom_1715875997021 vc_row-has-fill eltdf-row-type-row\" style=\"\"><div class=\"wpb_column vc_column_container vc_col-sm-12\"><div class=\"vc_column-inner\"><div class=\"wpb_wrapper\"><div class=\"eltdf-row-grid-section\"><div class=\"vc_row wpb_row vc_inner vc_row-fluid\"><div class=\"wpb_column vc_column_container vc_col-sm-6 vc_col-sm-offset-0\"><div class=\"vc_column-inner\"><div class=\"wpb_wrapper\"><div class=\"vc_empty_space  ocultar-movil-tres\"   style=\"height: 24px\"><span class=\"vc_empty_space_inner\"><\/span><\/div><h1 style=\"font-size: 48px;color: #666666;line-height: 52px;text-align: left\" class=\"vc_custom_heading vc_do_custom_heading\" >Contact us<\/h1><div class=\"vc_empty_space\"   style=\"height: 10px\"><span class=\"vc_empty_space_inner\"><\/span><\/div>\n\t<div class=\"wpb_text_column wpb_content_element\" >\n\t\t<div class=\"wpb_wrapper\">\n\t\t\t<p>Become part of the sustainable packaging revolution!<br \/>\nContact us to discover how we can collaborate and offer you innovative solutions in flexible packaging.<\/p>\n\n\t\t<\/div>\n\t<\/div>\n<div class=\"vc_empty_space\"   style=\"height: 50px\"><span class=\"vc_empty_space_inner\"><\/span><\/div><h2 style=\"font-size: 30px;color: #666666;line-height: 30px;text-align: left\" class=\"vc_custom_heading vc_do_custom_heading texto-lima-peru vc_custom_1713110952143\" >Lima - Per\u00fa<\/h2>\n\t<div class=\"wpb_text_column wpb_content_element\" >\n\t\t<div class=\"wpb_wrapper\">\n\t\t\t<p>Av. Argentina 5447<br \/>\nCarmen de la Legua &#8211; Callao<\/p>\n\n\t\t<\/div>\n\t<\/div>\n<div class=\"vc_empty_space\"   style=\"height: 12px\"><span class=\"vc_empty_space_inner\"><\/span><\/div><div class=\"eltdf-icon-list-holder\" style=\"margin-bottom: 0px\">\n\t<div class=\"eltdf-il-icon-holder\">\n\t\t<i class=\"eltdf-icon-font-awesome fa fa-phone\" style=\"font-size: 20px\" ><\/i>\t<\/div>\n\t<p class=\"eltdf-il-text\" style=\"padding-left: 25px\"> Phone: (01) 614 4444<\/p>\n<\/div><div class=\"eltdf-icon-list-holder\" style=\"margin-bottom: 25px\">\n\t<div class=\"eltdf-il-icon-holder\">\n\t\t<i class=\"eltdf-icon-font-awesome fa fa-envelope-o\" style=\"font-size: 20px\" ><\/i>\t<\/div>\n\t<p class=\"eltdf-il-text\" style=\"padding-left: 25px\"> E-mail: empaquesflexibles@paraiso-peru.com<\/p>\n<\/div><\/div><\/div><\/div><div class=\"wpb_column vc_column_container vc_col-sm-6 vc_col-sm-offset-0\"><div class=\"vc_column-inner\"><div class=\"wpb_wrapper\">\n\t<div  class=\"wpb_single_image wpb_content_element vc_align_left wpb_content_element  ancho-imagen-2\">\n\t\t\n\t\t<figure class=\"wpb_wrapper vc_figure\">\n\t\t\t<div class=\"vc_single_image-wrapper   vc_box_border_grey\"><img loading=\"lazy\" decoding=\"async\" width=\"533\" height=\"139\" src=\"https:\/\/empaques-flexibles.paraiso-peru.com\/wp-content\/uploads\/2024\/04\/logo-empaques-flexibles-paraiso-2.webp\" class=\"vc_single_image-img attachment-full\" alt=\"Logo Empaques Flexibles Para\u00edso\" title=\"Logo Empaques Flexibles Para\u00edso\" srcset=\"https:\/\/empaques-flexibles.paraiso-peru.com\/wp-content\/uploads\/2024\/04\/logo-empaques-flexibles-paraiso-2.webp 533w, https:\/\/empaques-flexibles.paraiso-peru.com\/wp-content\/uploads\/2024\/04\/logo-empaques-flexibles-paraiso-2-300x78.webp 300w\" sizes=\"auto, (max-width: 533px) 100vw, 533px\" \/><\/div>\n\t\t<\/figure>\n\t<\/div>\n<div class=\"vc_empty_space\"   style=\"height: 30px\"><span class=\"vc_empty_space_inner\"><\/span><\/div>\n<div class=\"wpcf7 no-js\" id=\"wpcf7-f10999-o2\" lang=\"es-ES\" dir=\"ltr\" data-wpcf7-id=\"10999\">\n<div class=\"screen-reader-response\"><p role=\"status\" aria-live=\"polite\" aria-atomic=\"true\"><\/p> <ul><\/ul><\/div>\n<form action=\"\/en\/wp-json\/wp\/v2\/pages\/11338#wpcf7-f10999-o2\" method=\"post\" class=\"wpcf7-form init\" aria-label=\"Formulario de contacto\" novalidate=\"novalidate\" data-status=\"init\" data-trp-original-action=\"\/en\/wp-json\/wp\/v2\/pages\/11338#wpcf7-f10999-o2\">\n<fieldset class=\"hidden-fields-container\"><input type=\"hidden\" name=\"_wpcf7\" value=\"10999\" \/><input type=\"hidden\" name=\"_wpcf7_version\" value=\"6.1.5\" \/><input type=\"hidden\" name=\"_wpcf7_locale\" value=\"es_ES\" \/><input type=\"hidden\" name=\"_wpcf7_unit_tag\" value=\"wpcf7-f10999-o2\" \/><input type=\"hidden\" name=\"_wpcf7_container_post\" value=\"0\" \/><input type=\"hidden\" name=\"_wpcf7_posted_data_hash\" value=\"\" \/>\n<\/fieldset>\n<div class=\"ancho-form-celda\">\n\t<p><span class=\"wpcf7-form-control-wrap\" data-name=\"your-name\"><input size=\"40\" maxlength=\"400\" class=\"wpcf7-form-control wpcf7-text wpcf7-validates-as-required\" aria-required=\"true\" aria-invalid=\"false\" placeholder=\"Name*\" value=\"\" type=\"text\" name=\"your-name\" \/><\/span>\n\t<\/p>\n<\/div>\n<div class=\"ancho-form-celda\">\n\t<p><span class=\"wpcf7-form-control-wrap\" data-name=\"your-email\"><input size=\"40\" maxlength=\"400\" class=\"wpcf7-form-control wpcf7-email wpcf7-validates-as-required wpcf7-text wpcf7-validates-as-email\" aria-required=\"true\" aria-invalid=\"false\" placeholder=\"Email*\" value=\"\" type=\"email\" name=\"your-email\" \/><\/span>\n\t<\/p>\n<\/div>\n<div class=\"ancho-form-celda\">\n\t<p><span class=\"wpcf7-form-control-wrap\" data-name=\"tel-753\"><input size=\"40\" maxlength=\"400\" class=\"wpcf7-form-control wpcf7-tel wpcf7-validates-as-required wpcf7-text wpcf7-validates-as-tel\" aria-required=\"true\" aria-invalid=\"false\" placeholder=\"Phone*\" value=\"\" type=\"tel\" name=\"tel-753\" \/><\/span>\n\t<\/p>\n<\/div>\n<div class=\"ancho-form-celda\">\n\t<p><span class=\"wpcf7-form-control-wrap\" data-name=\"text-132\"><input size=\"40\" maxlength=\"400\" class=\"wpcf7-form-control wpcf7-text\" aria-invalid=\"false\" placeholder=\"Company\" value=\"\" type=\"text\" name=\"text-132\" \/><\/span>\n\t<\/p>\n<\/div>\n<div>\n\t<p><span class=\"wpcf7-form-control-wrap\" data-name=\"textarea-950\"><textarea cols=\"40\" rows=\"2\" maxlength=\"2000\" class=\"wpcf7-form-control wpcf7-textarea wpcf7-validates-as-required\" aria-required=\"true\" aria-invalid=\"false\" placeholder=\"Message*\" name=\"textarea-950\"><\/textarea><\/span>\n\t<\/p>\n<\/div>\n<div class=\"checkbox-politicas\">\n\t<p><span class=\"wpcf7-form-control-wrap\" data-name=\"checkbox-394\"><span class=\"wpcf7-form-control wpcf7-checkbox wpcf7-validates-as-required\"><span class=\"wpcf7-list-item first last\"><label><input type=\"checkbox\" name=\"checkbox-394[]\" value=\"*\" \/><span class=\"wpcf7-list-item-label\">*<\/span><\/label><\/span><\/span><\/span> I have read and accept <a href=\"\/politica-privacidad\" target=\"_blank\"> the Privacy Policies<\/a>.\n\t<\/p>\n<\/div>\n<div class=\"texto-requeridos\" >\n\t<p>Fields with asterisks (<b>*<\/b>) are required.\n\t<\/p>\n<\/div>\n<div>\n\t<p><input class=\"wpcf7-form-control wpcf7-submit has-spinner\" type=\"submit\" value=\"Submit\" \/>\n\t<\/p>\n<\/div><div class=\"wpcf7-response-output\" aria-hidden=\"true\"><\/div>\n<input type=\"hidden\" name=\"trp-form-language\" value=\"en\"\/><\/form>\n<\/div>\n<div class=\"vc_empty_space  ocultar-movil-dos\"   style=\"height: 50px\"><span class=\"vc_empty_space_inner\"><\/span><\/div><\/div><\/div><\/div><\/div><\/div><\/div><\/div><\/div><\/div><div id=\"MAPA\" class=\"vc_row wpb_row vc_row-fluid borde-pie-seccion vc_custom_1715876025445 eltdf-row-type-row\" style=\"\"><div class=\"wpb_column vc_column_container vc_col-sm-12\"><div class=\"vc_column-inner vc_custom_1712614398913\"><div class=\"wpb_wrapper\"><div class=\"vc_row wpb_row vc_inner vc_row-fluid vc_custom_1713533671869 vc_row-has-fill\"><div class=\"wpb_column vc_column_container vc_col-sm-12\"><div class=\"vc_column-inner vc_custom_1713533513015\"><div class=\"wpb_wrapper\"><div class=\"vc_empty_space\"   style=\"height: 20px\"><span class=\"vc_empty_space_inner\"><\/span><\/div><\/div><\/div><\/div><\/div><div class=\"wpb_gmaps_widget wpb_content_element\"><div class=\"wpb_wrapper\"><div class=\"wpb_map_wraper\"><iframe src=\"https:\/\/www.google.com\/maps\/embed?pb=!1m18!1m12!1m3!1d22072.82838998808!2d-77.10350119029155!3d-12.046159076024535!2m3!1f0!2f0!3f0!3m2!1i1024!2i768!4f13.1!3m3!1m2!1s0x9105c95293ad65b5%3A0x4b1ca45695d85a62!2sPara%C3%ADso%20Empaques%20Flexibles!5e0!3m2!1ses!2spe!4v1722439750927!5m2!1ses!2spe\" width=\"100%\" height=\"450\" style=\"border:0;\" allowfullscreen=\"\" loading=\"lazy\" referrerpolicy=\"no-referrer-when-downgrade\"><\/iframe><\/div><\/div><\/div><\/div><\/div><\/div><\/div><div class=\"vc_row wpb_row vc_row-fluid vc_custom_1713105422301 vc_row-has-fill eltdf-row-type-row\" style=\"\"><div class=\"wpb_column vc_column_container vc_col-sm-3 vc_hidden-xs\"><div class=\"vc_column-inner\"><div class=\"wpb_wrapper\"><\/div><\/div><\/div><div class=\"wpb_column vc_column_container vc_col-sm-2\"><div class=\"vc_column-inner\"><div class=\"wpb_wrapper\">\n\t<div  class=\"wpb_single_image wpb_content_element vc_align_center wpb_content_element  ancho-imagen-cont\">\n\t\t\n\t\t<figure class=\"wpb_wrapper vc_figure\">\n\t\t\t<a href=\"\/\" target=\"_self\" class=\"vc_single_image-wrapper   vc_box_border_grey\"><img loading=\"lazy\" decoding=\"async\" width=\"462\" height=\"111\" src=\"https:\/\/empaques-flexibles.paraiso-peru.com\/wp-content\/uploads\/2024\/03\/LOGO-PARAISO-MQ.webp\" class=\"vc_single_image-img attachment-full\" alt=\"Logo Para\u00edso\" title=\"Logo Para\u00edso\" srcset=\"https:\/\/empaques-flexibles.paraiso-peru.com\/wp-content\/uploads\/2024\/03\/LOGO-PARAISO-MQ.webp 462w, https:\/\/empaques-flexibles.paraiso-peru.com\/wp-content\/uploads\/2024\/03\/LOGO-PARAISO-MQ-300x72.webp 300w\" sizes=\"auto, (max-width: 462px) 100vw, 462px\" \/><\/a>\n\t\t<\/figure>\n\t<\/div>\n<\/div><\/div><\/div><div class=\"wpb_column vc_column_container vc_col-sm-2 vc_hidden-xs\"><div class=\"vc_column-inner\"><div class=\"wpb_wrapper\"><\/div><\/div><\/div><div class=\"wpb_column vc_column_container vc_col-sm-2\"><div class=\"vc_column-inner\"><div class=\"wpb_wrapper\">\n\t<div  class=\"wpb_single_image wpb_content_element vc_align_center wpb_content_element  ancho-imagen-cont\">\n\t\t\n\t\t<figure class=\"wpb_wrapper vc_figure\">\n\t\t\t<div class=\"vc_single_image-wrapper   vc_box_border_grey\"><img loading=\"lazy\" decoding=\"async\" width=\"388\" height=\"130\" src=\"https:\/\/empaques-flexibles.paraiso-peru.com\/wp-content\/uploads\/2024\/03\/LOGO-PRODCUTOS-PARAISO.webp\" class=\"vc_single_image-img attachment-full\" alt=\"LOGO PRODCUTOS PARA\u00cdSO\" title=\"LOGO PRODCUTOS PARA\u00cdSO\" srcset=\"https:\/\/empaques-flexibles.paraiso-peru.com\/wp-content\/uploads\/2024\/03\/LOGO-PRODCUTOS-PARAISO.webp 388w, https:\/\/empaques-flexibles.paraiso-peru.com\/wp-content\/uploads\/2024\/03\/LOGO-PRODCUTOS-PARAISO-300x101.webp 300w\" sizes=\"auto, (max-width: 388px) 100vw, 388px\" \/><\/div>\n\t\t<\/figure>\n\t<\/div>\n<\/div><\/div><\/div><div class=\"wpb_column vc_column_container vc_col-sm-3 vc_hidden-xs\"><div class=\"vc_column-inner\"><div class=\"wpb_wrapper\"><\/div><\/div><\/div><\/div>\n<\/div>","protected":false},"excerpt":{"rendered":"Cont\u00e1ctanos \u00a1Convi\u00e9rtete en parte de la revoluci\u00f3n del embalaje sostenible! Cont\u00e1ctanos para descubrir c\u00f3mo podemos colaborar y ofrecerte soluciones innovadoras en empaques flexibles. Lima - Per\u00fa Av. Argentina 5447 Carmen de la Legua - Callao Tel\u00e9fono: (01) 614 4444 E-mail: empaquesflexibles@paraiso-peru.com * I have read [...]","protected":false},"author":1,"featured_media":9183,"parent":0,"menu_order":0,"comment_status":"closed","ping_status":"closed","template":"full-width.php","meta":{"footnotes":""},"class_list":["post-11338","page","type-page","status-publish","has-post-thumbnail","hentry"],"_links":{"self":[{"href":"https:\/\/empaques-flexibles.paraiso-peru.com\/en\/wp-json\/wp\/v2\/pages\/11338","targetHints":{"allow":["GET"]}}],"collection":[{"href":"https:\/\/empaques-flexibles.paraiso-peru.com\/en\/wp-json\/wp\/v2\/pages"}],"about":[{"href":"https:\/\/empaques-flexibles.paraiso-peru.com\/en\/wp-json\/wp\/v2\/types\/page"}],"author":[{"embeddable":true,"href":"https:\/\/empaques-flexibles.paraiso-peru.com\/en\/wp-json\/wp\/v2\/users\/1"}],"replies":[{"embeddable":true,"href":"https:\/\/empaques-flexibles.paraiso-peru.com\/en\/wp-json\/wp\/v2\/comments?post=11338"}],"version-history":[{"count":9,"href":"https:\/\/empaques-flexibles.paraiso-peru.com\/en\/wp-json\/wp\/v2\/pages\/11338\/revisions"}],"predecessor-version":[{"id":11348,"href":"https:\/\/empaques-flexibles.paraiso-peru.com\/en\/wp-json\/wp\/v2\/pages\/11338\/revisions\/11348"}],"wp:featuredmedia":[{"embeddable":true,"href":"https:\/\/empaques-flexibles.paraiso-peru.com\/en\/wp-json\/wp\/v2\/media\/9183"}],"wp:attachment":[{"href":"https:\/\/empaques-flexibles.paraiso-peru.com\/en\/wp-json\/wp\/v2\/media?parent=11338"}],"curies":[{"name":"wp","href":"https:\/\/api.w.org\/{rel}","templated":true}]}}